{"id":1257,"date":"2023-02-27T17:18:53","date_gmt":"2023-02-27T16:18:53","guid":{"rendered":"https:\/\/www.f-label.eu\/impressum\/"},"modified":"2023-11-08T11:19:07","modified_gmt":"2023-11-08T10:19:07","slug":"impressum","status":"publish","type":"page","link":"https:\/\/www.f-label.eu\/de-de\/impressum\/","title":{"rendered":"Impressum"},"content":{"rendered":"\t\t<div data-elementor-type=\"wp-page\" data-elementor-id=\"1257\" class=\"elementor elementor-1257 elementor-890\" data-elementor-post-type=\"page\">\n\t\t\t\t\t\t<section class=\"elementor-section elementor-top-section elementor-element elementor-element-3be48e6 elementor-section-boxed elementor-section-height-default elementor-section-height-default\" data-id=\"3be48e6\" data-element_type=\"section\" data-e-type=\"section\">\n\t\t\t\t\t\t<div class=\"elementor-container elementor-column-gap-default\">\n\t\t\t\t\t<div class=\"elementor-column elementor-col-100 elementor-top-column elementor-element elementor-element-fe4db68\" data-id=\"fe4db68\" data-element_type=\"column\" data-e-type=\"column\">\n\t\t\t<div class=\"elementor-widget-wrap elementor-element-populated\">\n\t\t\t\t\t\t<div class=\"elementor-element elementor-element-f356f86 elementor-widget elementor-widget-heading\" data-id=\"f356f86\" data-element_type=\"widget\" data-e-type=\"widget\" data-widget_type=\"heading.default\">\n\t\t\t\t<div class=\"elementor-widget-container\">\n\t\t\t\t\t<h2 class=\"elementor-heading-title elementor-size-default\">EUVINO GmbH<\/h2>\t\t\t\t<\/div>\n\t\t\t\t<\/div>\n\t\t\t\t<div class=\"elementor-element elementor-element-d06179b elementor-widget elementor-widget-text-editor\" data-id=\"d06179b\" data-element_type=\"widget\" data-e-type=\"widget\" data-widget_type=\"text-editor.default\">\n\t\t\t\t<div class=\"elementor-widget-container\">\n\t\t\t\t\t\t\t\t\t<p>Inselstra\u00dfe 10<br \/>10179 Berlin<\/p>\n<p>Telefon: 030 \/ 98 39 59 16<br \/>E-Mail: info@euvinopro.eu<\/p>\n<p>Gesch\u00e4ftsf\u00fchrer: Johannes Finze<br \/>Registergericht: Amtsgericht Charlottenburg<br \/>Registernummer: HRB 141038 B<br \/>Ust-IdNr.: DE 28 26 34 33 4<\/p>\n<p>Verantwortlich f\u00fcr den Inhalt der Seiten im Sinne des Telemedienrechts: Johannes Finze<\/p>\n<\/p>\n<p>Webdesign: Konzeption &amp; Umsetzung durch <a href=\"https:\/\/winetoweb.net\/\">Wine to Web e.U<\/a>.<\/p>\n<\/p>\n<p>Bildnachweis<\/p>\n<p>Video Hero-Section (Startseite, \u00dcber Uns, Aktuelles &amp; Infos, Kontakt): \u00a9 SasinParaksa\/Getty Images<\/p>\n<p>Foto Scan QR-Code: \u00a9 BlindTurtle\/Getty Images<\/p>\n<\/p>\n<p>Startseite<\/p>\n<p>Beispiel-Ansicht Mobile View QR-Code Scan: \u00a9 Grafik von Wine to Web e.U.<\/p>\n<p>Hintergrundbild (ideale L\u00f6sung): \u00a9 pixelshot\/Canva Pro <\/p>\n<\/p>\n<p>Flaschenbild mit QR-Codes:<\/p>\n<p>Beispiel-Ansicht Mobile View QR-Code Scan: \u00a9 Grafik von Wine to Web e.U.<\/p>\n<\/p>\n<p>\u00dcber Uns:<\/p>\n<p>Foto Johannes Finze: <\/p>\n<p>Foto Marian Staudt: \u00a9 Markus Lang<\/p>\n<p>Still-Foto des Videos: \u00a9 SasinParaksa\/Getty Images<\/p>\n<\/p>\n<p>Kontaktformular &amp; Anmeldeformular: <\/p>\n<p>\u00a9 Foto Handy Scan: SasinParaska\/Getty Images<\/p>\n<p>Grafik-Erstellung Flasche: \u00a9 Wine to Web e.U.<\/p>\n\t\t\t\t\t\t\t\t<\/div>\n\t\t\t\t<\/div>\n\t\t\t\t\t<\/div>\n\t\t<\/div>\n\t\t\t\t\t<\/div>\n\t\t<\/section>\n\t\t\t\t<section class=\"elementor-section elementor-top-section elementor-element elementor-element-c365789 elementor-section-boxed elementor-section-height-default elementor-section-height-default\" data-id=\"c365789\" data-element_type=\"section\" data-e-type=\"section\">\n\t\t\t\t\t\t<div class=\"elementor-container elementor-column-gap-default\">\n\t\t\t\t\t<div class=\"elementor-column elementor-col-100 elementor-top-column elementor-element elementor-element-74da7d7\" data-id=\"74da7d7\" data-element_type=\"column\" data-e-type=\"column\">\n\t\t\t<div class=\"elementor-widget-wrap elementor-element-populated\">\n\t\t\t\t\t\t<div class=\"elementor-element elementor-element-21a58fe elementor-widget elementor-widget-heading\" data-id=\"21a58fe\" data-element_type=\"widget\" data-e-type=\"widget\" data-widget_type=\"heading.default\">\n\t\t\t\t<div class=\"elementor-widget-container\">\n\t\t\t\t\t<h2 class=\"elementor-heading-title elementor-size-default\">Haftungshinweis<\/h2>\t\t\t\t<\/div>\n\t\t\t\t<\/div>\n\t\t\t\t<div class=\"elementor-element elementor-element-a9917b4 elementor-widget elementor-widget-text-editor\" data-id=\"a9917b4\" data-element_type=\"widget\" data-e-type=\"widget\" data-widget_type=\"text-editor.default\">\n\t\t\t\t<div class=\"elementor-widget-container\">\n\t\t\t\t\t\t\t\t\t<p>Die Euvino GmbH \u00fcberpr\u00fcft und aktualisiert die Informationen und Inhalte auf dieser Website fortw\u00e4hrend. Trotz aller Sorgfalt k\u00f6nnen sich die Daten inzwischen ver\u00e4ndert haben. Eine Haftung oder Garantie f\u00fcr die Aktualit\u00e4t, Richtigkeit und Vollst\u00e4ndigkeit der zur Verf\u00fcgung gestellten Informationen kann daher nicht \u00fcbernommen werden. Trotz sorgf\u00e4ltiger inhaltlicher Kontrolle \u00fcbernehmen wir zudem keine Haftung f\u00fcr die Inhalte externer Links. F\u00fcr den Inhalt der verlinkten Seiten sind ausschlie\u00dflich deren Betreiber verantwortlich. Die verlinkten Seiten wurden zum Zeitpunkt der Verlinkung auf m\u00f6gliche Rechtsverst\u00f6\u00dfe \u00fcberpr\u00fcft. Rechtswidrige Inhalte waren zum Zeitpunkt der Verlinkung nicht erkennbar. Eine permanente inhaltliche Kontrolle der verlinkten Seiten ist jedoch ohne konkrete Anhaltspunkte einer Rechtsverletzung nicht zumutbar. Bei Bekanntwerden von Rechtsverletzungen werden wir derartige Links umgehend entfernen.<\/p>\n\t\t\t\t\t\t\t\t<\/div>\n\t\t\t\t<\/div>\n\t\t\t\t\t<\/div>\n\t\t<\/div>\n\t\t\t\t\t<\/div>\n\t\t<\/section>\n\t\t\t\t<section class=\"elementor-section elementor-top-section elementor-element elementor-element-9f6715d elementor-section-boxed elementor-section-height-default elementor-section-height-default\" data-id=\"9f6715d\" data-element_type=\"section\" data-e-type=\"section\">\n\t\t\t\t\t\t<div class=\"elementor-container elementor-column-gap-default\">\n\t\t\t\t\t<div class=\"elementor-column elementor-col-100 elementor-top-column elementor-element elementor-element-92df8fc\" data-id=\"92df8fc\" data-element_type=\"column\" data-e-type=\"column\">\n\t\t\t<div class=\"elementor-widget-wrap elementor-element-populated\">\n\t\t\t\t\t\t<div class=\"elementor-element elementor-element-b5366e8 elementor-widget elementor-widget-spacer\" data-id=\"b5366e8\" data-element_type=\"widget\" data-e-type=\"widget\" data-widget_type=\"spacer.default\">\n\t\t\t\t<div class=\"elementor-widget-container\">\n\t\t\t\t\t\t\t<div class=\"elementor-spacer\">\n\t\t\t<div class=\"elementor-spacer-inner\"><\/div>\n\t\t<\/div>\n\t\t\t\t\t\t<\/div>\n\t\t\t\t<\/div>\n\t\t\t\t\t<\/div>\n\t\t<\/div>\n\t\t\t\t\t<\/div>\n\t\t<\/section>\n\t\t\t\t<\/div>\n\t\t","protected":false},"excerpt":{"rendered":"<p>EUVINO GmbH Inselstra\u00dfe 10 10179 Berlin Telefon: 030 \/ 98 39 59 16 E-Mail: info@euvinopro.eu Gesch\u00e4ftsf\u00fchrer: Johannes Finze Registergericht: Amtsgericht Charlottenburg Registernummer: HRB 141038 B Ust-IdNr.: DE 28 26 34 33 4 Verantwortlich f\u00fcr den Inhalt der Seiten im Sinne des Telemedienrechts: Johannes Finze Webdesign: Konzeption &amp; Umsetzung durch Wine to Web e.U. Bildnachweis Video &hellip;<\/p>\n<p class=\"read-more\"> <a class=\"\" href=\"https:\/\/www.f-label.eu\/de-de\/impressum\/\"> <span class=\"screen-reader-text\">Impressum<\/span> Read More &raquo;<\/a><\/p>\n","protected":false},"author":1,"featured_media":0,"parent":0,"menu_order":0,"comment_status":"closed","ping_status":"closed","template":"elementor_canvas","meta":{"site-sidebar-layout":"no-sidebar","site-content-layout":"page-builder","ast-site-content-layout":"full-width-container","site-content-style":"unboxed","site-sidebar-style":"unboxed","ast-global-header-display":"","ast-banner-title-visibility":"","ast-main-header-display":"","ast-hfb-above-header-display":"","ast-hfb-below-header-display":"","ast-hfb-mobile-header-display":"","site-post-title":"disabled","ast-breadcrumbs-content":"","ast-featured-img":"disabled","footer-sml-layout":"","theme-transparent-header-meta":"","adv-header-id-meta":"","stick-header-meta":"","header-above-stick-meta":"","header-main-stick-meta":"","header-below-stick-meta":"","astra-migrate-meta-layouts":"set","ast-page-background-enabled":"default","ast-page-background-meta":{"desktop":{"background-color":"var(--ast-global-color-4)","background-image":"","background-repeat":"repeat","background-position":"center center","background-size":"auto","background-attachment":"scroll","background-type":"","background-media":"","overlay-type":"","overlay-color":"","overlay-gradient":""},"tablet":{"background-color":"","background-image":"","background-repeat":"repeat","background-position":"center center","background-size":"auto","background-attachment":"scroll","background-type":"","background-media":"","overlay-type":"","overlay-color":"","overlay-gradient":""},"mobile":{"background-color":"","background-image":"","background-repeat":"repeat","background-position":"center center","background-size":"auto","background-attachment":"scroll","background-type":"","background-media":"","overlay-type":"","overlay-color":"","overlay-gradient":""}},"ast-content-background-meta":{"desktop":{"background-color":"var(--ast-global-color-5)","background-image":"","background-repeat":"repeat","background-position":"center center","background-size":"auto","background-attachment":"scroll","background-type":"","background-media":"","overlay-type":"","overlay-color":"","overlay-gradient":""},"tablet":{"background-color":"var(--ast-global-color-5)","background-image":"","background-repeat":"repeat","background-position":"center center","background-size":"auto","background-attachment":"scroll","background-type":"","background-media":"","overlay-type":"","overlay-color":"","overlay-gradient":""},"mobile":{"background-color":"var(--ast-global-color-5)","background-image":"","background-repeat":"repeat","background-position":"center center","background-size":"auto","background-attachment":"scroll","background-type":"","background-media":"","overlay-type":"","overlay-color":"","overlay-gradient":""}},"footnotes":""},"class_list":["post-1257","page","type-page","status-publish","hentry"],"yoast_head":"<!-- This site is optimized with the Yoast SEO plugin v26.9 - https:\/\/yoast.com\/product\/yoast-seo-wordpress\/ -->\n<title>Impressum - F-Label<\/title>\n<meta name=\"robots\" content=\"index, follow, max-snippet:-1, max-image-preview:large, max-video-preview:-1\" \/>\n<link rel=\"canonical\" href=\"https:\/\/www.f-label.eu\/de-de\/impressum\/\" \/>\n<meta property=\"og:locale\" content=\"de_DE\" \/>\n<meta property=\"og:type\" content=\"article\" \/>\n<meta property=\"og:title\" content=\"Impressum - F-Label\" \/>\n<meta property=\"og:description\" content=\"EUVINO GmbH Inselstra\u00dfe 10 10179 Berlin Telefon: 030 \/ 98 39 59 16 E-Mail: info@euvinopro.eu Gesch\u00e4ftsf\u00fchrer: Johannes Finze Registergericht: Amtsgericht Charlottenburg Registernummer: HRB 141038 B Ust-IdNr.: DE 28 26 34 33 4 Verantwortlich f\u00fcr den Inhalt der Seiten im Sinne des Telemedienrechts: Johannes Finze Webdesign: Konzeption &amp; Umsetzung durch Wine to Web e.U. Bildnachweis Video &hellip; Impressum Read More &raquo;\" \/>\n<meta property=\"og:url\" content=\"https:\/\/www.f-label.eu\/de-de\/impressum\/\" \/>\n<meta property=\"og:site_name\" content=\"F-Label\" \/>\n<meta property=\"article:modified_time\" content=\"2023-11-08T10:19:07+00:00\" \/>\n<meta name=\"twitter:card\" content=\"summary_large_image\" \/>\n<meta name=\"twitter:label1\" content=\"Est. reading time\" \/>\n\t<meta name=\"twitter:data1\" content=\"2 minutes\" \/>\n<script type=\"application\/ld+json\" class=\"yoast-schema-graph\">{\"@context\":\"https:\/\/schema.org\",\"@graph\":[{\"@type\":\"WebPage\",\"@id\":\"https:\/\/www.f-label.eu\/de-de\/impressum\/\",\"url\":\"https:\/\/www.f-label.eu\/de-de\/impressum\/\",\"name\":\"Impressum - F-Label\",\"isPartOf\":{\"@id\":\"https:\/\/www.f-label.eu\/de-de\/#website\"},\"datePublished\":\"2023-02-27T16:18:53+00:00\",\"dateModified\":\"2023-11-08T10:19:07+00:00\",\"inLanguage\":\"de\",\"potentialAction\":[{\"@type\":\"ReadAction\",\"target\":[\"https:\/\/www.f-label.eu\/de-de\/impressum\/\"]}]},{\"@type\":\"WebSite\",\"@id\":\"https:\/\/www.f-label.eu\/de-de\/#website\",\"url\":\"https:\/\/www.f-label.eu\/de-de\/\",\"name\":\"F-Label\",\"description\":\"Etiketten f\u00fcr Weine und Spirituosen\",\"publisher\":{\"@id\":\"https:\/\/www.f-label.eu\/de-de\/#organization\"},\"potentialAction\":[{\"@type\":\"SearchAction\",\"target\":{\"@type\":\"EntryPoint\",\"urlTemplate\":\"https:\/\/www.f-label.eu\/de-de\/?s={search_term_string}\"},\"query-input\":{\"@type\":\"PropertyValueSpecification\",\"valueRequired\":true,\"valueName\":\"search_term_string\"}}],\"inLanguage\":\"de\"},{\"@type\":\"Organization\",\"@id\":\"https:\/\/www.f-label.eu\/de-de\/#organization\",\"name\":\"F-Label\",\"url\":\"https:\/\/www.f-label.eu\/de-de\/\",\"logo\":{\"@type\":\"ImageObject\",\"inLanguage\":\"de\",\"@id\":\"https:\/\/www.f-label.eu\/de-de\/#\/schema\/logo\/image\/\",\"url\":\"https:\/\/www.f-label.eu\/wp-content\/uploads\/2023\/02\/F-LabelTranspKleinWeiss.png\",\"contentUrl\":\"https:\/\/www.f-label.eu\/wp-content\/uploads\/2023\/02\/F-LabelTranspKleinWeiss.png\",\"width\":440,\"height\":200,\"caption\":\"F-Label\"},\"image\":{\"@id\":\"https:\/\/www.f-label.eu\/de-de\/#\/schema\/logo\/image\/\"}}]}<\/script>\n<!-- \/ Yoast SEO plugin. -->","yoast_head_json":{"title":"Impressum - F-Label","robots":{"index":"index","follow":"follow","max-snippet":"max-snippet:-1","max-image-preview":"max-image-preview:large","max-video-preview":"max-video-preview:-1"},"canonical":"https:\/\/www.f-label.eu\/de-de\/impressum\/","og_locale":"de_DE","og_type":"article","og_title":"Impressum - F-Label","og_description":"EUVINO GmbH Inselstra\u00dfe 10 10179 Berlin Telefon: 030 \/ 98 39 59 16 E-Mail: info@euvinopro.eu Gesch\u00e4ftsf\u00fchrer: Johannes Finze Registergericht: Amtsgericht Charlottenburg Registernummer: HRB 141038 B Ust-IdNr.: DE 28 26 34 33 4 Verantwortlich f\u00fcr den Inhalt der Seiten im Sinne des Telemedienrechts: Johannes Finze Webdesign: Konzeption &amp; Umsetzung durch Wine to Web e.U. Bildnachweis Video &hellip; Impressum Read More &raquo;","og_url":"https:\/\/www.f-label.eu\/de-de\/impressum\/","og_site_name":"F-Label","article_modified_time":"2023-11-08T10:19:07+00:00","twitter_card":"summary_large_image","twitter_misc":{"Est. reading time":"2 minutes"},"schema":{"@context":"https:\/\/schema.org","@graph":[{"@type":"WebPage","@id":"https:\/\/www.f-label.eu\/de-de\/impressum\/","url":"https:\/\/www.f-label.eu\/de-de\/impressum\/","name":"Impressum - F-Label","isPartOf":{"@id":"https:\/\/www.f-label.eu\/de-de\/#website"},"datePublished":"2023-02-27T16:18:53+00:00","dateModified":"2023-11-08T10:19:07+00:00","inLanguage":"de","potentialAction":[{"@type":"ReadAction","target":["https:\/\/www.f-label.eu\/de-de\/impressum\/"]}]},{"@type":"WebSite","@id":"https:\/\/www.f-label.eu\/de-de\/#website","url":"https:\/\/www.f-label.eu\/de-de\/","name":"F-Label","description":"Etiketten f\u00fcr Weine und Spirituosen","publisher":{"@id":"https:\/\/www.f-label.eu\/de-de\/#organization"},"potentialAction":[{"@type":"SearchAction","target":{"@type":"EntryPoint","urlTemplate":"https:\/\/www.f-label.eu\/de-de\/?s={search_term_string}"},"query-input":{"@type":"PropertyValueSpecification","valueRequired":true,"valueName":"search_term_string"}}],"inLanguage":"de"},{"@type":"Organization","@id":"https:\/\/www.f-label.eu\/de-de\/#organization","name":"F-Label","url":"https:\/\/www.f-label.eu\/de-de\/","logo":{"@type":"ImageObject","inLanguage":"de","@id":"https:\/\/www.f-label.eu\/de-de\/#\/schema\/logo\/image\/","url":"https:\/\/www.f-label.eu\/wp-content\/uploads\/2023\/02\/F-LabelTranspKleinWeiss.png","contentUrl":"https:\/\/www.f-label.eu\/wp-content\/uploads\/2023\/02\/F-LabelTranspKleinWeiss.png","width":440,"height":200,"caption":"F-Label"},"image":{"@id":"https:\/\/www.f-label.eu\/de-de\/#\/schema\/logo\/image\/"}}]}},"_links":{"self":[{"href":"https:\/\/www.f-label.eu\/de-de\/wp-json\/wp\/v2\/pages\/1257","targetHints":{"allow":["GET"]}}],"collection":[{"href":"https:\/\/www.f-label.eu\/de-de\/wp-json\/wp\/v2\/pages"}],"about":[{"href":"https:\/\/www.f-label.eu\/de-de\/wp-json\/wp\/v2\/types\/page"}],"author":[{"embeddable":true,"href":"https:\/\/www.f-label.eu\/de-de\/wp-json\/wp\/v2\/users\/1"}],"replies":[{"embeddable":true,"href":"https:\/\/www.f-label.eu\/de-de\/wp-json\/wp\/v2\/comments?post=1257"}],"version-history":[{"count":8,"href":"https:\/\/www.f-label.eu\/de-de\/wp-json\/wp\/v2\/pages\/1257\/revisions"}],"predecessor-version":[{"id":3540,"href":"https:\/\/www.f-label.eu\/de-de\/wp-json\/wp\/v2\/pages\/1257\/revisions\/3540"}],"wp:attachment":[{"href":"https:\/\/www.f-label.eu\/de-de\/wp-json\/wp\/v2\/media?parent=1257"}],"curies":[{"name":"wp","href":"https:\/\/api.w.org\/{rel}","templated":true}]}}